{"id":106,"date":"2022-06-30T07:51:06","date_gmt":"2022-06-30T07:51:06","guid":{"rendered":"https:\/\/hiilipuu-prod-22.atm.helsinki.fi\/hiilipuu\/?page_id=106"},"modified":"2022-06-30T07:51:06","modified_gmt":"2022-06-30T07:51:06","slug":"information-2","status":"publish","type":"page","link":"https:\/\/www.hiilipuu.fi\/index.php\/sv\/information-2\/","title":{"rendered":"Information"},"content":{"rendered":"\n<div class=\"wp-block-columns is-layout-flex wp-container-core-columns-is-layout-9d6595d7 wp-block-columns-is-layout-flex\">\n<div class=\"wp-block-column is-layout-flow wp-block-column-is-layout-flow\">\n<figure class=\"wp-block-image size-full\"><img loading=\"lazy\" decoding=\"async\" width=\"820\" height=\"914\" src=\"https:\/\/hiilipuu-prod-22.atm.helsinki.fi\/hiilipuu\/wp-content\/uploads\/2022\/06\/Hiilipuu_Tiedekulma_2013-2.jpg\" alt=\"\" class=\"wp-image-107\"\/><\/figure>\n<\/div>\n\n\n\n<div class=\"wp-block-column is-layout-flow wp-block-column-is-layout-flow\">\n<p><strong><a href=\"http:\/\/hiilipuu.fi\/sv\/\">Kol Tr\u00e4det<\/a><\/strong> -animationen baseras p\u00e5 m\u00e4tdata, som best\u00e5r av observationer som g\u00f6rs kontinuerligt p\u00e5 <strong><a href=\"http:\/\/hiilipuu.fi\/sv\/artiklar\/v%C3%A5r-m%C3%A4tstation-smearii\">Hyyti\u00e4l\u00e4 skogsstation (SMEAR II)<\/a><\/strong> i Finland. P\u00e5 Kol Tr\u00e4det -webbplatsen kan du observera hur en medelstor tall i s\u00f6dra Finland utbyter koldioxid i realtid.<\/p>\n\n\n\n<p>F\u00f6rutom den h\u00e4r webbplatsen, finns det ocks\u00e5 ett utst\u00e4llningsverk \u2013 Interaktiv Kol Tr\u00e4det (se bild till v\u00e4nster). Det har ett fysiskt anv\u00e4ndargr\u00e4nssnitt som g\u00f6r det m\u00f6jligt f\u00f6r en tittare att justera milj\u00f6f\u00f6rh\u00e5llandena f\u00f6r Kol Tr\u00e4det och se deras effekter p\u00e5 tr\u00e4dets kolfl\u00f6de.<\/p>\n<\/div>\n<\/div>\n","protected":false},"excerpt":{"rendered":"<p>Kol Tr\u00e4det -animationen baseras p\u00e5 m\u00e4tdata, som best\u00e5r av observationer som g\u00f6rs kontinuerligt p\u00e5 Hyyti\u00e4l\u00e4 skogsstation (SMEAR II) i Finland. P\u00e5 Kol Tr\u00e4det -webbplatsen kan du observera hur en medelstor tall i s\u00f6dra Finland utbyter koldioxid i realtid. F\u00f6rutom den h\u00e4r webbplatsen, finns det ocks\u00e5 ett utst\u00e4llningsverk \u2013 Interaktiv Kol Tr\u00e4det (se bild till v\u00e4nster).&hellip;&nbsp;<a href=\"https:\/\/www.hiilipuu.fi\/index.php\/sv\/information-2\/\" rel=\"bookmark\">Read More &raquo;<span class=\"screen-reader-text\">Information<\/span><\/a><\/p>\n","protected":false},"author":1,"featured_media":0,"parent":0,"menu_order":0,"comment_status":"closed","ping_status":"open","template":"","meta":{"neve_meta_sidebar":"","neve_meta_container":"","neve_meta_enable_content_width":"","neve_meta_content_width":0,"neve_meta_title_alignment":"","neve_meta_author_avatar":"","neve_post_elements_order":"","neve_meta_disable_header":"","neve_meta_disable_footer":"","neve_meta_disable_title":"","footnotes":""},"class_list":["post-106","page","type-page","status-publish","hentry"],"_links":{"self":[{"href":"https:\/\/www.hiilipuu.fi\/index.php\/wp-json\/wp\/v2\/pages\/106","targetHints":{"allow":["GET"]}}],"collection":[{"href":"https:\/\/www.hiilipuu.fi\/index.php\/wp-json\/wp\/v2\/pages"}],"about":[{"href":"https:\/\/www.hiilipuu.fi\/index.php\/wp-json\/wp\/v2\/types\/page"}],"author":[{"embeddable":true,"href":"https:\/\/www.hiilipuu.fi\/index.php\/wp-json\/wp\/v2\/users\/1"}],"replies":[{"embeddable":true,"href":"https:\/\/www.hiilipuu.fi\/index.php\/wp-json\/wp\/v2\/comments?post=106"}],"version-history":[{"count":1,"href":"https:\/\/www.hiilipuu.fi\/index.php\/wp-json\/wp\/v2\/pages\/106\/revisions"}],"predecessor-version":[{"id":108,"href":"https:\/\/www.hiilipuu.fi\/index.php\/wp-json\/wp\/v2\/pages\/106\/revisions\/108"}],"wp:attachment":[{"href":"https:\/\/www.hiilipuu.fi\/index.php\/wp-json\/wp\/v2\/media?parent=106"}],"curies":[{"name":"wp","href":"https:\/\/api.w.org\/{rel}","templated":true}]}}