{"id":128,"date":"2022-06-30T10:47:51","date_gmt":"2022-06-30T10:47:51","guid":{"rendered":"https:\/\/hiilipuu-prod-22.atm.helsinki.fi\/hiilipuu\/?page_id=128"},"modified":"2022-06-30T10:47:51","modified_gmt":"2022-06-30T10:47:51","slug":"kayttovinkit","status":"publish","type":"page","link":"https:\/\/www.hiilipuu.fi\/index.php\/kayttovinkit\/","title":{"rendered":"K\u00e4ytt\u00f6vinkit"},"content":{"rendered":"\n<p>T\u00e4lt\u00e4 sivulta l\u00f6yd\u00e4t opetusvideoita, joiden avulla p\u00e4\u00e4set sujuvasti tutustumaan Hiilipuun toimintaan. K\u00e4ytt\u00f6ohjeiden lis\u00e4ksi sivun lopussa on kiinnostavia linkkej\u00e4 globaaliin hiilitasapainoon liittyen!<\/p>\n\n\n\n<div class=\"wp-block-columns is-layout-flex wp-container-core-columns-is-layout-9d6595d7 wp-block-columns-is-layout-flex\">\n<div class=\"wp-block-column is-layout-flow wp-block-column-is-layout-flow\">\n<figure class=\"wp-block-gallery has-nested-images columns-1 is-cropped wp-block-gallery-1 is-layout-flex wp-block-gallery-is-layout-flex\">\n<figure class=\"wp-block-image size-large\"><img loading=\"lazy\" decoding=\"async\" width=\"1047\" height=\"594\" data-id=\"75\" src=\"https:\/\/hiilipuu-prod-22.atm.helsinki.fi\/hiilipuu\/wp-content\/uploads\/2022\/06\/Youtube-video_eng.png\" alt=\"\" class=\"wp-image-75\"\/><\/figure>\n\n\n\n<figure class=\"wp-block-image size-large\"><img loading=\"lazy\" decoding=\"async\" width=\"1200\" height=\"547\" data-id=\"74\" src=\"https:\/\/hiilipuu-prod-22.atm.helsinki.fi\/hiilipuu\/wp-content\/uploads\/2022\/06\/transpiration_anim1.png\" alt=\"\" class=\"wp-image-74\"\/><\/figure>\n\n\n\n<figure class=\"wp-block-image size-large\"><img loading=\"lazy\" decoding=\"async\" width=\"1200\" height=\"545\" data-id=\"69\" src=\"https:\/\/hiilipuu-prod-22.atm.helsinki.fi\/hiilipuu\/wp-content\/uploads\/2022\/06\/caption.jpg\" alt=\"\" class=\"wp-image-69\"\/><\/figure>\n\n\n\n<figure class=\"wp-block-image size-large\"><img loading=\"lazy\" decoding=\"async\" width=\"798\" height=\"656\" data-id=\"71\" src=\"https:\/\/hiilipuu-prod-22.atm.helsinki.fi\/hiilipuu\/wp-content\/uploads\/2022\/06\/GGBhome.png\" alt=\"\" class=\"wp-image-71\"\/><\/figure>\n\n\n\n<figure class=\"wp-block-image size-large\"><img loading=\"lazy\" decoding=\"async\" width=\"1200\" height=\"641\" data-id=\"70\" src=\"https:\/\/hiilipuu-prod-22.atm.helsinki.fi\/hiilipuu\/wp-content\/uploads\/2022\/06\/co2atlas.png\" alt=\"\" class=\"wp-image-70\"\/><\/figure>\n<\/figure>\n<\/div>\n\n\n\n<div class=\"wp-block-column is-layout-flow wp-block-column-is-layout-flow\">\n<p><strong><a href=\"http:\/\/hiilipuu.fi\/fi\/\">Hiilipuu<\/a><\/strong> perustuu mittauksiin, joita on tehty <strong><a href=\"http:\/\/hiilipuu.fi\/fi\/artikkelit\/mittausasema-smear-ii\">Hyyti\u00e4l\u00e4n mets\u00e4asemalla<\/a><\/strong> vuodesta 2008 alkaen. Hiilipuu-animaatio n\u00e4ytt\u00e4\u00e4 sinulle, kuinka suomalainen m\u00e4nty sitoo hiilidioksidia ymp\u00e4rist\u00f6olosuhteiden ohjaamana. Seuraavista linkeist\u00e4 p\u00e4\u00e4set opetusvideoihin, jotka opastavat sinulle Hiilipuu-animaation k\u00e4ytt\u00f6\u00e4.<\/p>\n\n\n\n<p><strong><a href=\"https:\/\/www.youtube.com\/watch?v=zKwpAdqm_iE&amp;index=1&amp;list=PLnvMf0pN_NHnxd_8KP5c1CFVuTParimxO&amp;t=0s\">Hiilivuo-video<\/a><\/strong> n\u00e4ytt\u00e4\u00e4, kuinka voit tutkia hiilivuon osatekij\u00f6it\u00e4.<\/p>\n\n\n\n<p><strong><a href=\"https:\/\/www.youtube.com\/watch?v=3YcwEh1m-IA&amp;list=PLnvMf0pN_NHnxd_8KP5c1CFVuTParimxO&amp;index=1\">S\u00e4\u00e4olosuhteet-video<\/a><\/strong> opastaa sinua tutkimaan ymp\u00e4rist\u00f6olosuhteiden vaikutuksia m\u00e4nnyn kykyyn sitoa ilmakeh\u00e4n hiilt\u00e4.<\/p>\n\n\n\n<p><strong><a href=\"https:\/\/www.youtube.com\/watch?v=8KrMmEv1OO8&amp;list=PLnvMf0pN_NHnxd_8KP5c1CFVuTParimxO&amp;index=2\">Havaintohistoria-videolta<\/a><\/strong> n\u00e4\u00e4t kuinka voit tarkastella hiilivuon ja s\u00e4\u00e4olosuhteiden historiaa sek\u00e4 piirt\u00e4\u00e4 kuvaajia havainnoista.<\/p>\n\n\n\n<p>Hiilipuu-animaation lis\u00e4ksi sivustolta l\u00f6ytyy my\u00f6s <strong><a href=\"http:\/\/www.hiilipuu.fi\/fi\/transpiraatio\">Haihdunta-animaatio<\/a><\/strong>, jossa voit s\u00e4\u00e4t\u00e4\u00e4 itse kasvin lehden ymp\u00e4rist\u00f6olosuhteita ja tarkastella lehden reagointia niihin. Ymp\u00e4rist\u00f6olosuhteiden s\u00e4\u00e4t\u00e4minen tapahtuu animaation alapuolella olevien liukus\u00e4\u00e4timien avulla. Mik\u00e4li et n\u00e4e sivun alareunassa n\u00e4it\u00e4 s\u00e4\u00e4timi\u00e4, pienenn\u00e4 sivun kokoa kunnes s\u00e4\u00e4timet tulevat n\u00e4kyviin. Sivun voi pienent\u00e4\u00e4 pikan\u00e4pp\u00e4imill\u00e4:<\/p>\n\n\n\n<pre class=\"wp-block-code\"><code>Windows and Linux: Press Ctrl ja -.\nMac: Press \u2318 ja -<\/code><\/pre>\n\n\n\n<p>Saat tarkempaa tietoa kuvien sis\u00e4ll\u00f6st\u00e4 viem\u00e4ll\u00e4 hiiren osoittimen kuvan p\u00e4\u00e4lle (ks. kuva vasemmalla). Silloin kuvateksti tulee n\u00e4yviin.<\/p>\n\n\n\n<p><strong><a href=\"http:\/\/www.globalcarbonproject.org\/index.htm\">Global Carbon Project<\/a><\/strong> -ty\u00f6ryhm\u00e4 (GCP) julkaisee vuosittain maailmanlaajuisen <strong><a href=\"http:\/\/www.globalcarbonproject.org\/carbonbudget\/index.htm\">hiilibudjetin<\/a><\/strong> ja siihen liittyv\u00e4t ajankohtaiset muutostrendit.<\/p>\n\n\n\n<p>Saat selville mm. kuinka hiilidioksidin p\u00e4\u00e4st\u00f6t ja pitoisuudet ilmakeh\u00e4ss\u00e4 ovat kehittyneet viime vuonna verrattuna edelt\u00e4viin vuosiin, mitk\u00e4 ovat eri maiden vaikutukset kehitykseen ja kuinka merkitt\u00e4vi\u00e4 luonnonilmi\u00f6t ovat vuotuisen hiilibudjetin kannalta.&nbsp;<\/p>\n\n\n\n<p>GCP my\u00f6s yll\u00e4pit\u00e4\u00e4 <strong><a href=\"http:\/\/www.globalcarbonatlas.org\/en\/content\/welcome-carbon-atlas\">Global Carbon Atlas<\/a><\/strong> -nettisivustoa, johon on koottu sovelluksia, joilla voi tutkia ja visualisoida eri l\u00e4hteiden hiilivuon suuruutta.<\/p>\n<\/div>\n<\/div>\n","protected":false},"excerpt":{"rendered":"<p>T\u00e4lt\u00e4 sivulta l\u00f6yd\u00e4t opetusvideoita, joiden avulla p\u00e4\u00e4set sujuvasti tutustumaan Hiilipuun toimintaan. K\u00e4ytt\u00f6ohjeiden lis\u00e4ksi sivun lopussa on kiinnostavia linkkej\u00e4 globaaliin hiilitasapainoon liittyen! Hiilipuu perustuu mittauksiin, joita on tehty Hyyti\u00e4l\u00e4n mets\u00e4asemalla vuodesta 2008 alkaen. Hiilipuu-animaatio n\u00e4ytt\u00e4\u00e4 sinulle, kuinka suomalainen m\u00e4nty sitoo hiilidioksidia ymp\u00e4rist\u00f6olosuhteiden ohjaamana. Seuraavista linkeist\u00e4 p\u00e4\u00e4set opetusvideoihin, jotka opastavat sinulle Hiilipuu-animaation k\u00e4ytt\u00f6\u00e4. Hiilivuo-video n\u00e4ytt\u00e4\u00e4, kuinka voit&hellip;&nbsp;<a href=\"https:\/\/www.hiilipuu.fi\/index.php\/kayttovinkit\/\" rel=\"bookmark\">Read More &raquo;<span class=\"screen-reader-text\">K\u00e4ytt\u00f6vinkit<\/span><\/a><\/p>\n","protected":false},"author":1,"featured_media":0,"parent":0,"menu_order":0,"comment_status":"closed","ping_status":"open","template":"","meta":{"neve_meta_sidebar":"","neve_meta_container":"","neve_meta_enable_content_width":"","neve_meta_content_width":0,"neve_meta_title_alignment":"","neve_meta_author_avatar":"","neve_post_elements_order":"","neve_meta_disable_header":"","neve_meta_disable_footer":"","neve_meta_disable_title":"","footnotes":""},"class_list":["post-128","page","type-page","status-publish","hentry"],"_links":{"self":[{"href":"https:\/\/www.hiilipuu.fi\/index.php\/wp-json\/wp\/v2\/pages\/128","targetHints":{"allow":["GET"]}}],"collection":[{"href":"https:\/\/www.hiilipuu.fi\/index.php\/wp-json\/wp\/v2\/pages"}],"about":[{"href":"https:\/\/www.hiilipuu.fi\/index.php\/wp-json\/wp\/v2\/types\/page"}],"author":[{"embeddable":true,"href":"https:\/\/www.hiilipuu.fi\/index.php\/wp-json\/wp\/v2\/users\/1"}],"replies":[{"embeddable":true,"href":"https:\/\/www.hiilipuu.fi\/index.php\/wp-json\/wp\/v2\/comments?post=128"}],"version-history":[{"count":1,"href":"https:\/\/www.hiilipuu.fi\/index.php\/wp-json\/wp\/v2\/pages\/128\/revisions"}],"predecessor-version":[{"id":129,"href":"https:\/\/www.hiilipuu.fi\/index.php\/wp-json\/wp\/v2\/pages\/128\/revisions\/129"}],"wp:attachment":[{"href":"https:\/\/www.hiilipuu.fi\/index.php\/wp-json\/wp\/v2\/media?parent=128"}],"curies":[{"name":"wp","href":"https:\/\/api.w.org\/{rel}","templated":true}]}}