{"id":134,"date":"2022-07-08T08:24:22","date_gmt":"2022-07-08T08:24:22","guid":{"rendered":"https:\/\/hiilipuu-prod-22.atm.helsinki.fi\/hiilipuu\/?page_id=134"},"modified":"2022-07-08T08:24:22","modified_gmt":"2022-07-08T08:24:22","slug":"meista","status":"publish","type":"page","link":"https:\/\/www.hiilipuu.fi\/index.php\/meista\/","title":{"rendered":"Meist\u00e4"},"content":{"rendered":"\n<div class=\"wp-block-columns is-layout-flex wp-container-core-columns-is-layout-9d6595d7 wp-block-columns-is-layout-flex\">\n<div class=\"wp-block-column is-layout-flow wp-block-column-is-layout-flow\">\n<p>Hiilipuu on Helsingin yliopiston <strong><a href=\"https:\/\/www.helsinki.fi\/fi\/inar-institute-for-atmospheric-and-earth-system-research\">Ilmakeh\u00e4tieteiden keskuksen (INAR)<\/a><\/strong> Fysiikan ja <strong><a href=\"https:\/\/www.helsinki.fi\/fi\/maatalous-metsatieteellinen-tiedekunta\/tutkimus\/metsatieteet\">Mets\u00e4tieteiden<\/a><\/strong> yksik\u00f6iden sek\u00e4 ohjelmistoyritys Simosolin ja kuvataiteilija Terike Haapojan yhteisty\u00f6hanke.<\/p>\n\n\n\n<p>Mets\u00e4tieteiden osasto k\u00e4ynnisti Hiilipuu-hankkeen osana monitieteist\u00e4 toimintaa, jonka tavoitteena on edist\u00e4\u00e4 metsien sek\u00e4 mets\u00e4- ja suoymp\u00e4rist\u00f6jen ekologisesti, taloudellisesti ja sosiaalisesti kest\u00e4v\u00e4\u00e4 k\u00e4ytt\u00f6\u00e4. INAR yll\u00e4pit\u00e4\u00e4 Hiilipuu-hanketta ja t\u00e4ht\u00e4\u00e4 monitieteiseen ilmakeh\u00e4tieteiden ja ilmastonmuutostutkimuksen tukemiseen. Sen yhteisty\u00f6kumppaneita ovat Ilmatieteen laitos, It\u00e4-Suomen yliopisto ja Tampereen teknillinen yliopisto. INAR yhdist\u00e4\u00e4 mm mets\u00e4tieteiden, fysiikan ja meteorologian osaamista, joiden v\u00e4lisen\u00e4 yhteisty\u00f6n\u00e4 tehd\u00e4\u00e4n poikkeuksellisen poikkitieteellist\u00e4 ymp\u00e4rist\u00f6- ja ilmastonmuutostutkimusta liittyen mm. metsien hiilensidontaan. INAR toimii kansallisen ja kansainv\u00e4lisen tutkimuksen mm SMEAR asemien ja ilmakeh\u00e4tutkimuksen sek\u00e4 eri julkisten ja yritystahojen yhteisty\u00f6n keskuksena.<\/p>\n\n\n\n<p><strong><a href=\"http:\/\/www.metsatieteellinenseura.fi\/\">Suomen Mets\u00e4tieteellinen Seura<\/a><\/strong>&nbsp;on rahoittanut Hiilinielupuu.fi:n ensimm\u00e4isen version. Sivusto avattiin seuran 100 \u2013 vuotisjuhlavuonna 2009.<\/p>\n\n\n\n<p>Uudistettu Hiilipuu-sivusto sek\u00e4 ty\u00f6ryhm\u00e4n kehitt\u00e4m\u00e4&nbsp;<em>Interaktiivinen Hiilipuu<\/em>&nbsp;-teos ja -matkalaukut opetusk\u00e4ytt\u00f6\u00f6n on toteutettu&nbsp;<strong><a href=\"http:\/\/www.tieteentiedotus.fi\/\">Tieteen tiedotus Ry:n<\/a><\/strong>&nbsp;apurahan sek\u00e4&nbsp;<strong><a href=\"http:\/\/minedu.fi\/etusivu\">Opetus- ja Kulttuuriministeri\u00f6n<\/a><\/strong>&nbsp;rahoituksen turvin.&nbsp;<\/p>\n\n\n\n<p>Sivuston tekij\u00e4t:<\/p>\n\n\n\n<ul class=\"wp-block-list\"><li>MMT Eija Juurola toimi Hiilipuun kehitt\u00e4j\u00e4n\u00e4 ja vet\u00e4j\u00e4n\u00e4 2009-2016.<\/li><li>Yliopistonlehtori&nbsp;<a href=\"https:\/\/tuhat.helsinki.fi\/portal\/fi\/persons\/taina-ruuskanen(896d3254-f1a4-4687-a062-23e6cc55364b).html\"><strong>Taina Ruuskanen<\/strong><\/a>&nbsp;on johtanut toimintaa vuodesta 2016 eteenp\u00e4in, ja h\u00e4n on vastannut my\u00f6s opetusmateriaalin tuotosta.<\/li><li><a href=\"http:\/\/www.simosol.fi\/lang-fi\" target=\"_blank\" rel=\"noreferrer noopener\"><strong>Simosol Oy<\/strong><\/a>&nbsp;on rakentanut Hiilipuu-sivuston. Se on vuonna 2008 perustettu mets\u00e4alan sovelluksia ja pitk\u00e4lle viety\u00e4 laskentaosaamista yhdist\u00e4v\u00e4 ohjelmistoyritys.<\/li><li><a href=\"http:\/\/www.terikehaapoja.net\/\"><strong>Terike Haapoja<\/strong><\/a>&nbsp;on suunnitellut&nbsp;Hiilivirta-animaation konseptin.&nbsp;<\/li><li>Ivaylo Dzhedzhev rakensi Hiilipuun animoinnin k\u00e4ytt\u00e4en Richard Lordin Flint hiukkasvirta-animointi -kirjastoa.&nbsp;<\/li><li><a href=\"http:\/\/merjajaskara.com\/\"><strong>Merja Jaskara<\/strong><\/a>&nbsp;on toteuttanut sivuston graafisen ilmeen.<\/li><li>MMT Liisa Kulmala on vastannut Hiilipuu-sivuston tieteellisest\u00e4 sis\u00e4ll\u00f6st\u00e4.<\/li><li>MMT Nuria Altimir on tuottanut sis\u00e4lt\u00f6\u00e4.<\/li><li>FT Pasi Kolari on tuottanut sis\u00e4lt\u00f6\u00e4 ja toiminut my\u00f6s ekologisen mallintamisen asiantuntijana.<\/li><li>Tommy Chan editoi englannin kielen.<\/li><li>MMM Janne Korhonen ja Frans Korhonen ovat suunnitelleet ja toteuttaneet opetusk\u00e4ytt\u00f6\u00f6n kehitetyt&nbsp;<em>Interaktiivinen Hiilipuu<\/em>-matkalaukut.<\/li><li>Vuonna 2017 sivujen p\u00e4ivitt\u00e4misest\u00e4 ovat vastanneet LuK Marianne Santala sek\u00e4 FM Timo Pitk\u00e4nen.<\/li><\/ul>\n<\/div>\n\n\n\n<div class=\"wp-block-column is-layout-flow wp-block-column-is-layout-flow\">\n<figure class=\"wp-block-image size-full\"><img loading=\"lazy\" decoding=\"async\" width=\"384\" height=\"1089\" src=\"https:\/\/hiilipuu-prod-22.atm.helsinki.fi\/hiilipuu\/wp-content\/uploads\/2022\/06\/logos-1.jpg\" alt=\"\" class=\"wp-image-121\"\/><\/figure>\n<\/div>\n<\/div>\n","protected":false},"excerpt":{"rendered":"<p>Hiilipuu on Helsingin yliopiston Ilmakeh\u00e4tieteiden keskuksen (INAR) Fysiikan ja Mets\u00e4tieteiden yksik\u00f6iden sek\u00e4 ohjelmistoyritys Simosolin ja kuvataiteilija Terike Haapojan yhteisty\u00f6hanke. Mets\u00e4tieteiden osasto k\u00e4ynnisti Hiilipuu-hankkeen osana monitieteist\u00e4 toimintaa, jonka tavoitteena on edist\u00e4\u00e4 metsien sek\u00e4 mets\u00e4- ja suoymp\u00e4rist\u00f6jen ekologisesti, taloudellisesti ja sosiaalisesti kest\u00e4v\u00e4\u00e4 k\u00e4ytt\u00f6\u00e4. INAR yll\u00e4pit\u00e4\u00e4 Hiilipuu-hanketta ja t\u00e4ht\u00e4\u00e4 monitieteiseen ilmakeh\u00e4tieteiden ja ilmastonmuutostutkimuksen tukemiseen. Sen yhteisty\u00f6kumppaneita ovat Ilmatieteen&hellip;&nbsp;<a href=\"https:\/\/www.hiilipuu.fi\/index.php\/meista\/\" rel=\"bookmark\">Read More &raquo;<span class=\"screen-reader-text\">Meist\u00e4<\/span><\/a><\/p>\n","protected":false},"author":1,"featured_media":0,"parent":0,"menu_order":0,"comment_status":"closed","ping_status":"open","template":"","meta":{"neve_meta_sidebar":"","neve_meta_container":"","neve_meta_enable_content_width":"","neve_meta_content_width":0,"neve_meta_title_alignment":"","neve_meta_author_avatar":"","neve_post_elements_order":"","neve_meta_disable_header":"","neve_meta_disable_footer":"","neve_meta_disable_title":"","footnotes":""},"class_list":["post-134","page","type-page","status-publish","hentry"],"_links":{"self":[{"href":"https:\/\/www.hiilipuu.fi\/index.php\/wp-json\/wp\/v2\/pages\/134","targetHints":{"allow":["GET"]}}],"collection":[{"href":"https:\/\/www.hiilipuu.fi\/index.php\/wp-json\/wp\/v2\/pages"}],"about":[{"href":"https:\/\/www.hiilipuu.fi\/index.php\/wp-json\/wp\/v2\/types\/page"}],"author":[{"embeddable":true,"href":"https:\/\/www.hiilipuu.fi\/index.php\/wp-json\/wp\/v2\/users\/1"}],"replies":[{"embeddable":true,"href":"https:\/\/www.hiilipuu.fi\/index.php\/wp-json\/wp\/v2\/comments?post=134"}],"version-history":[{"count":1,"href":"https:\/\/www.hiilipuu.fi\/index.php\/wp-json\/wp\/v2\/pages\/134\/revisions"}],"predecessor-version":[{"id":135,"href":"https:\/\/www.hiilipuu.fi\/index.php\/wp-json\/wp\/v2\/pages\/134\/revisions\/135"}],"wp:attachment":[{"href":"https:\/\/www.hiilipuu.fi\/index.php\/wp-json\/wp\/v2\/media?parent=134"}],"curies":[{"name":"wp","href":"https:\/\/api.w.org\/{rel}","templated":true}]}}