{"id":137,"date":"2022-07-08T09:12:16","date_gmt":"2022-07-08T09:12:16","guid":{"rendered":"https:\/\/hiilipuu-prod-22.atm.helsinki.fi\/hiilipuu\/?page_id=137"},"modified":"2023-06-27T06:12:16","modified_gmt":"2023-06-27T06:12:16","slug":"mittaa-itse","status":"publish","type":"page","link":"https:\/\/www.hiilipuu.fi\/index.php\/mittaa-itse\/","title":{"rendered":"Mittaa itse"},"content":{"rendered":"\n<div class=\"wp-block-columns is-layout-flex wp-container-core-columns-is-layout-9d6595d7 wp-block-columns-is-layout-flex\">\n<div class=\"wp-block-column is-layout-flow wp-block-column-is-layout-flow\">\n<figure class=\"wp-block-image size-full\"><img loading=\"lazy\" decoding=\"async\" width=\"670\" height=\"724\" src=\"https:\/\/hiilipuu-prod-22.atm.helsinki.fi\/hiilipuu\/wp-content\/uploads\/2022\/07\/hiilisalkku_0.jpg\" alt=\"\" class=\"wp-image-138\"\/><\/figure>\n<\/div>\n\n\n\n<div class=\"wp-block-column is-layout-flow wp-block-column-is-layout-flow\">\n<h3 class=\"wp-block-heading\"><strong>Monipuolista ymp\u00e4rist\u00f6kasvatusta kouluun!<\/strong><\/h3>\n\n\n\n<p>Hiilipuusta on rakennettu interaktiivinen salkkuversio, jolla mittaat itse l\u00e4mp\u00f6tilan, valon ja hiilidioksidipitoisuuden hiilipuulle. Interaktiivinen hiilipuusalkku on helposti kuljetettava ja tukee ymp\u00e4rist\u00f6kasvatuksen kokeellista oppimista sek\u00e4 omatoimista mittausty\u00f6skentely\u00e4. Opettaja voi tilata&nbsp;<strong>Hiilipuu-salkun<\/strong>&nbsp;k\u00e4ytt\u00f6\u00f6ns\u00e4 paikkakunnasta riippumatta opettaessaan kouluissa ilmaston ja metsien v\u00e4list\u00e4 vuorovaikutusta sek\u00e4 ilmastonmuutosta.<\/p>\n\n\n\n<p>Interaktiivisen Hiilipuu-salkun k\u00e4ytt\u00f6 ei edellyt\u00e4 lapsilta sujuvaa lukutaitoa, toisin kuin t\u00e4m\u00e4 sivusto, joten sen k\u00e4ytt\u00f6 opetusmetodina soveltuu eri-ik\u00e4isille lapsille ja nuorille varhaiskasvatuksesta eteenp\u00e4in. Hiilipuu-salkku on osa OKMn rahoittamaa tiedekasvatushanketta, jonka tavoitteena on monipuolistaa ymp\u00e4rist\u00f6kasvatusta aktivoimalla lapsia kokeilemaan itse.<\/p>\n\n\n\n<p><strong>Hiilipuu-salkkua<\/strong>&nbsp;voidaan k\u00e4ytt\u00e4\u00e4 havaintov\u00e4lineen\u00e4 yksitt\u00e4isill\u00e4 oppitunneilla tai toteuttaa oppilasryhm\u00e4ss\u00e4 oma tutkimus esimerkiksi tarkastelemalla, mik\u00e4 on puun toiminnan kannalta otollisin sijainti yksitt\u00e4isess\u00e4 huoneessa tai koulussa. Hiilipuu.fi-sivusto tukee salkun k\u00e4ytt\u00f6\u00e4 mahdollistaen salkulla toteutettavien tutkimusten suunnittelun.<\/p>\n\n\n\n<p><strong>Kiinnostuitko?<\/strong>&nbsp;<\/p>\n\n\n\n<p>Kysy lis\u00e4\u00e4 ja tilaa salkku kouluusi Helsingin yliopiston Fysiikan laitoksen&nbsp;<a href=\"http:\/\/blogs.helsinki.fi\/f2k-keskus\/\"><strong>F2k keskuksesta.<\/strong>&nbsp;<\/a><\/p>\n\n\n\n<p><strong>Ty\u00f6ohjeita kouluille:<\/strong><\/p>\n\n\n\n<p><strong>Hiilipuu-sivusto ty\u00f6ohje\u00a0<strong><a href=\"https:\/\/www.hiilipuu.fi\/wp-content\/uploads\/2023\/06\/Hiilipuu_tehtavat.docx\">word-dokumenttina<\/a><\/strong>\u00a0ja\u00a0<strong><a href=\"https:\/\/www.hiilipuu.fi\/wp-content\/uploads\/2023\/06\/Hiilipuu_tehtavat.pdf\">pdf-tiedostona<\/a><\/strong><\/strong><\/p>\n\n\n\n<p><strong>Hiilipuu-sivusto ty\u00f6ohje alakouluille&nbsp;<a href=\"http:\/\/www.hiilipuu.fi\/fi\/system\/files\/Hiilipuu_ohje_alakoulu.docx\">word-dokumenttina<\/a>&nbsp;ja&nbsp;<a href=\"http:\/\/www.hiilipuu.fi\/fi\/system\/files\/Hiilipuu_ohje_alakoulu.pdf\">pdf-tiedostona<\/a>&nbsp;<\/strong><\/p>\n\n\n\n<p><strong>FT,&nbsp;<a href=\"https:\/\/tuhat.halvi.helsinki.fi\/portal\/fi\/persons\/taina-ruuskanen%28896d3254-f1a4-4687-a062-23e6cc55364b%29.html\"><strong>Taina Ruuskanen<\/strong>&nbsp;<\/a>, Yliopistonlehtori<\/strong>, <strong><a href=\"http:\/\/www.physics.helsinki.fi\/\"><strong>Fysiikan laitos<\/strong>&nbsp;<\/a>&nbsp;<\/strong><\/p>\n\n\n\n<p><strong>+358 503175409<\/strong><\/p>\n\n\n\n<p><strong>FT,&nbsp;taina.ruuskanen(at)helsinki.fi<\/strong><\/p>\n<\/div>\n<\/div>\n","protected":false},"excerpt":{"rendered":"<p>Monipuolista ymp\u00e4rist\u00f6kasvatusta kouluun! Hiilipuusta on rakennettu interaktiivinen salkkuversio, jolla mittaat itse l\u00e4mp\u00f6tilan, valon ja hiilidioksidipitoisuuden hiilipuulle. Interaktiivinen hiilipuusalkku on helposti kuljetettava ja tukee ymp\u00e4rist\u00f6kasvatuksen kokeellista oppimista sek\u00e4 omatoimista mittausty\u00f6skentely\u00e4. Opettaja voi tilata&nbsp;Hiilipuu-salkun&nbsp;k\u00e4ytt\u00f6\u00f6ns\u00e4 paikkakunnasta riippumatta opettaessaan kouluissa ilmaston ja metsien v\u00e4list\u00e4 vuorovaikutusta sek\u00e4 ilmastonmuutosta. Interaktiivisen Hiilipuu-salkun k\u00e4ytt\u00f6 ei edellyt\u00e4 lapsilta sujuvaa lukutaitoa, toisin kuin t\u00e4m\u00e4 sivusto,&hellip;&nbsp;<a href=\"https:\/\/www.hiilipuu.fi\/index.php\/mittaa-itse\/\" rel=\"bookmark\">Read More &raquo;<span class=\"screen-reader-text\">Mittaa itse<\/span><\/a><\/p>\n","protected":false},"author":1,"featured_media":0,"parent":0,"menu_order":0,"comment_status":"closed","ping_status":"closed","template":"","meta":{"neve_meta_sidebar":"","neve_meta_container":"","neve_meta_enable_content_width":"","neve_meta_content_width":0,"neve_meta_title_alignment":"","neve_meta_author_avatar":"","neve_post_elements_order":"","neve_meta_disable_header":"","neve_meta_disable_footer":"","neve_meta_disable_title":"","footnotes":""},"class_list":["post-137","page","type-page","status-publish","hentry"],"_links":{"self":[{"href":"https:\/\/www.hiilipuu.fi\/index.php\/wp-json\/wp\/v2\/pages\/137","targetHints":{"allow":["GET"]}}],"collection":[{"href":"https:\/\/www.hiilipuu.fi\/index.php\/wp-json\/wp\/v2\/pages"}],"about":[{"href":"https:\/\/www.hiilipuu.fi\/index.php\/wp-json\/wp\/v2\/types\/page"}],"author":[{"embeddable":true,"href":"https:\/\/www.hiilipuu.fi\/index.php\/wp-json\/wp\/v2\/users\/1"}],"replies":[{"embeddable":true,"href":"https:\/\/www.hiilipuu.fi\/index.php\/wp-json\/wp\/v2\/comments?post=137"}],"version-history":[{"count":3,"href":"https:\/\/www.hiilipuu.fi\/index.php\/wp-json\/wp\/v2\/pages\/137\/revisions"}],"predecessor-version":[{"id":647,"href":"https:\/\/www.hiilipuu.fi\/index.php\/wp-json\/wp\/v2\/pages\/137\/revisions\/647"}],"wp:attachment":[{"href":"https:\/\/www.hiilipuu.fi\/index.php\/wp-json\/wp\/v2\/media?parent=137"}],"curies":[{"name":"wp","href":"https:\/\/api.w.org\/{rel}","templated":true}]}}