{"id":570,"date":"2022-09-15T12:15:53","date_gmt":"2022-09-15T12:15:53","guid":{"rendered":"https:\/\/hiilipuu-prod-22.atm.helsinki.fi\/hiilipuu\/?page_id=570"},"modified":"2023-06-27T05:49:19","modified_gmt":"2023-06-27T05:49:19","slug":"fragesport","status":"publish","type":"page","link":"https:\/\/www.hiilipuu.fi\/index.php\/sv\/fragesport\/","title":{"rendered":"Fr\u00e5gesport"},"content":{"rendered":"\n<p><a href=\"https:\/\/www.hiilipuu.fi\/index.php\/sv\/latt-fragesport\/\">L\u00e4tt fr\u00e5gesport<\/a><\/p>\n\n\n\n<p><a href=\"https:\/\/www.hiilipuu.fi\/index.php\/sv\/ganska-latt-fragesport\/\">Ganska l\u00e4tt fr\u00e5gesport<\/a><\/p>\n\n\n\n<p><a href=\"https:\/\/www.hiilipuu.fi\/index.php\/sv\/ganska-svar-fragesport\/\">Ganska sv\u00e5r fr\u00e5gesport<\/a><\/p>\n\n\n\n<p><a href=\"https:\/\/www.hiilipuu.fi\/index.php\/sv\/svar-fragesport\/\">Sv\u00e5r fr\u00e5gesport<\/a><\/p>\n","protected":false},"excerpt":{"rendered":"<p>L\u00e4tt fr\u00e5gesport Ganska l\u00e4tt fr\u00e5gesport Ganska sv\u00e5r fr\u00e5gesport Sv\u00e5r fr\u00e5gesport<\/p>\n","protected":false},"author":1,"featured_media":0,"parent":0,"menu_order":0,"comment_status":"closed","ping_status":"closed","template":"","meta":{"neve_meta_sidebar":"","neve_meta_container":"","neve_meta_enable_content_width":"","neve_meta_content_width":0,"neve_meta_title_alignment":"","neve_meta_author_avatar":"","neve_post_elements_order":"","neve_meta_disable_header":"","neve_meta_disable_footer":"","neve_meta_disable_title":"","footnotes":""},"class_list":["post-570","page","type-page","status-publish","hentry"],"_links":{"self":[{"href":"https:\/\/www.hiilipuu.fi\/index.php\/wp-json\/wp\/v2\/pages\/570","targetHints":{"allow":["GET"]}}],"collection":[{"href":"https:\/\/www.hiilipuu.fi\/index.php\/wp-json\/wp\/v2\/pages"}],"about":[{"href":"https:\/\/www.hiilipuu.fi\/index.php\/wp-json\/wp\/v2\/types\/page"}],"author":[{"embeddable":true,"href":"https:\/\/www.hiilipuu.fi\/index.php\/wp-json\/wp\/v2\/users\/1"}],"replies":[{"embeddable":true,"href":"https:\/\/www.hiilipuu.fi\/index.php\/wp-json\/wp\/v2\/comments?post=570"}],"version-history":[{"count":6,"href":"https:\/\/www.hiilipuu.fi\/index.php\/wp-json\/wp\/v2\/pages\/570\/revisions"}],"predecessor-version":[{"id":641,"href":"https:\/\/www.hiilipuu.fi\/index.php\/wp-json\/wp\/v2\/pages\/570\/revisions\/641"}],"wp:attachment":[{"href":"https:\/\/www.hiilipuu.fi\/index.php\/wp-json\/wp\/v2\/media?parent=570"}],"curies":[{"name":"wp","href":"https:\/\/api.w.org\/{rel}","templated":true}]}}