{"id":601,"date":"2022-09-19T06:35:08","date_gmt":"2022-09-19T06:35:08","guid":{"rendered":"https:\/\/hiilipuu-prod-22.atm.helsinki.fi\/hiilipuu\/?page_id=601"},"modified":"2022-09-19T06:36:14","modified_gmt":"2022-09-19T06:36:14","slug":"ganska-latt-fragesport","status":"publish","type":"page","link":"https:\/\/www.hiilipuu.fi\/index.php\/sv\/ganska-latt-fragesport\/","title":{"rendered":"Ganska l\u00e4tt fr\u00e5gesport"},"content":{"rendered":"\n<div id=\"watu_quiz\" class=\"quiz-area \">\n<form action=\"\" method=\"post\" class=\"quiz-form \" id=\"quiz-10\" >\n<div class='watu-question' id='question-1'><div class='question-content'><p><span class='watu_num'>1. <\/span>V\u00e4xternas andning frig\u00f6r syre.<\/p>\n<\/div><input type='hidden' name='question_id[]' value='95' \/><div class='watu-questions-wrap '><input type='hidden' name='answer_ids[]' class='watu-answer-ids' value='574' \/><div class='watu-question-choice'><input type='radio' name='answer-95[]' id='answer-id-574' class='answer answer-1  answerof-95' value='574' \/>&nbsp;<label for='answer-id-574' id='answer-label-574' class=' answer label-1'><span class='answer'>Sant<\/span><\/label><\/div>\n<input type='hidden' name='answer_ids[]' class='watu-answer-ids' value='575' \/><div class='watu-question-choice'><input type='radio' name='answer-95[]' id='answer-id-575' class='answer answer-1  answerof-95' value='575' \/>&nbsp;<label for='answer-id-575' id='answer-label-575' class=' answer label-1'><span class='answer'>Falskt<\/span><\/label><\/div>\n<\/div><input type='hidden' id='questionType1' value='radio' class=''><\/div><div class='watu-question' id='question-2'><div class='question-content'><p><span class='watu_num'>2. <\/span>Andningens hastighet sjunker d\u00e5 temperaturen stiger.<\/p>\n<\/div><input type='hidden' name='question_id[]' value='96' \/><div class='watu-questions-wrap '><input type='hidden' name='answer_ids[]' class='watu-answer-ids' value='576' \/><div class='watu-question-choice'><input type='radio' name='answer-96[]' id='answer-id-576' class='answer answer-2  answerof-96' value='576' \/>&nbsp;<label for='answer-id-576' id='answer-label-576' class=' answer label-2'><span class='answer'>Sant<\/span><\/label><\/div>\n<input type='hidden' name='answer_ids[]' class='watu-answer-ids' value='577' \/><div class='watu-question-choice'><input type='radio' name='answer-96[]' id='answer-id-577' class='answer answer-2  answerof-96' value='577' \/>&nbsp;<label for='answer-id-577' id='answer-label-577' class=' answer label-2'><span class='answer'>Falskt<\/span><\/label><\/div>\n<\/div><input type='hidden' id='questionType2' value='radio' class=''><\/div><div class='watu-question' id='question-3'><div class='question-content'><p><span class='watu_num'>3. <\/span>D\u00e5 luftfuktigheten \u00e4r l\u00e5g tillsluter v\u00e4xterna sina klyv\u00f6ppningar f\u00f6r att hindra avdunstning. Detta s\u00e4nker ocks\u00e5 assimilationens hastighet.<\/p>\n<\/div><input type='hidden' name='question_id[]' value='97' \/><div class='watu-questions-wrap '><input type='hidden' name='answer_ids[]' class='watu-answer-ids' value='578' \/><div class='watu-question-choice'><input type='radio' name='answer-97[]' id='answer-id-578' class='answer answer-3  answerof-97' value='578' \/>&nbsp;<label for='answer-id-578' id='answer-label-578' class=' answer label-3'><span class='answer'>Sant <\/span><\/label><\/div>\n<input type='hidden' name='answer_ids[]' class='watu-answer-ids' value='579' \/><div class='watu-question-choice'><input type='radio' name='answer-97[]' id='answer-id-579' class='answer answer-3  answerof-97' value='579' \/>&nbsp;<label for='answer-id-579' id='answer-label-579' class=' answer label-3'><span class='answer'>Falskt<\/span><\/label><\/div>\n<\/div><input type='hidden' id='questionType3' value='radio' class=''><\/div><div class='watu-question' id='question-4'><div class='question-content'><p><span class='watu_num'>4. <\/span>V\u00e4xternas andning \u00e4r en process p\u00e5 cellniv\u00e5 d\u00e4r kemisk energi f\u00e5s genom.<\/p>\n<\/div><input type='hidden' name='question_id[]' value='98' \/><div class='watu-questions-wrap '><input type='hidden' name='answer_ids[]' class='watu-answer-ids' value='580' \/><div class='watu-question-choice'><input type='radio' name='answer-98[]' id='answer-id-580' class='answer answer-4  answerof-98' value='580' \/>&nbsp;<label for='answer-id-580' id='answer-label-580' class=' answer label-4'><span class='answer'>oxidation av organiska molekyler<\/span><\/label><\/div>\n<input type='hidden' name='answer_ids[]' class='watu-answer-ids' value='581' \/><div class='watu-question-choice'><input type='radio' name='answer-98[]' id='answer-id-581' class='answer answer-4  answerof-98' value='581' \/>&nbsp;<label for='answer-id-581' id='answer-label-581' class=' answer label-4'><span class='answer'>oxidation av cellv\u00e4vnad<\/span><\/label><\/div>\n<input type='hidden' name='answer_ids[]' class='watu-answer-ids' value='582' \/><div class='watu-question-choice'><input type='radio' name='answer-98[]' id='answer-id-582' class='answer answer-4  answerof-98' value='582' \/>&nbsp;<label for='answer-id-582' id='answer-label-582' class=' answer label-4'><span class='answer'>oxidation av n\u00e4rings\u00e4mnen ur jorden<\/span><\/label><\/div>\n<input type='hidden' name='answer_ids[]' class='watu-answer-ids' value='583' \/><div class='watu-question-choice'><input type='radio' name='answer-98[]' id='answer-id-583' class='answer answer-4  answerof-98' value='583' \/>&nbsp;<label for='answer-id-583' id='answer-label-583' class=' answer label-4'><span class='answer'>oxidation av vatten<\/span><\/label><\/div>\n<\/div><input type='hidden' id='questionType4' value='radio' class=''><\/div><div class='watu-question' id='question-5'><div class='question-content'><p><span class='watu_num'>5. <\/span>Vilka f\u00f6rdelar har barrtr\u00e4d av att klara sig i boreala v\u00e4xtf\u00f6rh\u00e5llanden?<\/p>\n<\/div><input type='hidden' name='question_id[]' value='99' \/><div class='watu-questions-wrap '><input type='hidden' name='answer_ids[]' class='watu-answer-ids' value='584' \/><div class='watu-question-choice'><input type='checkbox' name='answer-99[]' id='answer-id-584' class='answer answer-5  answerof-99' value='584' \/>&nbsp;<label for='answer-id-584' id='answer-label-584' class=' answer label-5'><span class='answer'>Den konformiga tr\u00e4dtoppen klarar b\u00e4ttre av sn\u00f6tyngden.<\/span><\/label><\/div>\n<input type='hidden' name='answer_ids[]' class='watu-answer-ids' value='585' \/><div class='watu-question-choice'><input type='checkbox' name='answer-99[]' id='answer-id-585' class='answer answer-5  answerof-99' value='585' \/>&nbsp;<label for='answer-id-585' id='answer-label-585' class=' answer label-5'><span class='answer'>Tr\u00e4den kan b\u00f6rja assimilera genast d\u00e5 l\u00e4mpliga f\u00f6rh\u00e5llanden uppst\u00e5tt.<\/span><\/label><\/div>\n<input type='hidden' name='answer_ids[]' class='watu-answer-ids' value='586' \/><div class='watu-question-choice'><input type='checkbox' name='answer-99[]' id='answer-id-586' class='answer answer-5  answerof-99' value='586' \/>&nbsp;<label for='answer-id-586' id='answer-label-586' class=' answer label-5'><span class='answer'>De sm\u00e5, barrlika bladen klarar b\u00e4ttre av kalla och torra perioder.<\/span><\/label><\/div>\n<input type='hidden' name='answer_ids[]' class='watu-answer-ids' value='587' \/><div class='watu-question-choice'><input type='checkbox' name='answer-99[]' id='answer-id-587' class='answer answer-5  answerof-99' value='587' \/>&nbsp;<label for='answer-id-587' id='answer-label-587' class=' answer label-5'><span class='answer'>Barrens m\u00f6rka f\u00e4rg h\u00e5ller b\u00e4ttre kvar v\u00e4rmen.<\/span><\/label><\/div>\n<\/div><input type='hidden' id='questionType5' value='checkbox' class=''><\/div><div class='watu-question' id='question-6'><div class='question-content'><p><span class='watu_num'>6. <\/span>Under fotosyntesen bildas socker av kol och vatten. Kolet kommer fr\u00e5n. V\u00e4lj ett alternative.<\/p>\n<\/div><input type='hidden' name='question_id[]' value='100' \/><div class='watu-questions-wrap '><input type='hidden' name='answer_ids[]' class='watu-answer-ids' value='588' \/><div class='watu-question-choice'><input type='radio' name='answer-100[]' id='answer-id-588' class='answer answer-6  answerof-100' value='588' \/>&nbsp;<label for='answer-id-588' id='answer-label-588' class=' answer label-6'><span class='answer'>n\u00e4rings\u00e4mnen i jorden<\/span><\/label><\/div>\n<input type='hidden' name='answer_ids[]' class='watu-answer-ids' value='589' \/><div class='watu-question-choice'><input type='radio' name='answer-100[]' id='answer-id-589' class='answer answer-6  answerof-100' value='589' \/>&nbsp;<label for='answer-id-589' id='answer-label-589' class=' answer label-6'><span class='answer'>solljuset<\/span><\/label><\/div>\n<input type='hidden' name='answer_ids[]' class='watu-answer-ids' value='590' \/><div class='watu-question-choice'><input type='radio' name='answer-100[]' id='answer-id-590' class='answer answer-6  answerof-100' value='590' \/>&nbsp;<label for='answer-id-590' id='answer-label-590' class=' answer label-6'><span class='answer'>koldioxid i atmosf\u00e4ren<\/span><\/label><\/div>\n<input type='hidden' name='answer_ids[]' class='watu-answer-ids' value='591' \/><div class='watu-question-choice'><input type='radio' name='answer-100[]' id='answer-id-591' class='answer answer-6  answerof-100' value='591' \/>&nbsp;<label for='answer-id-591' id='answer-label-591' class=' answer label-6'><span class='answer'>vatten i jorden<\/span><\/label><\/div>\n<\/div><input type='hidden' id='questionType6' value='radio' class=''><\/div><div class='watu-question' id='question-7'><div class='question-content'><p><span class='watu_num'>7. <\/span>D\u00e5 v\u00e4xter v\u00e4xer binds kol till v\u00e4xtens biomassa.<\/p>\n<\/div><input type='hidden' name='question_id[]' value='101' \/><div class='watu-questions-wrap '><input type='hidden' name='answer_ids[]' class='watu-answer-ids' value='592' \/><div class='watu-question-choice'><input type='radio' name='answer-101[]' id='answer-id-592' class='answer answer-7  answerof-101' value='592' \/>&nbsp;<label for='answer-id-592' id='answer-label-592' class=' answer label-7'><span class='answer'>Sant<\/span><\/label><\/div>\n<input type='hidden' name='answer_ids[]' class='watu-answer-ids' value='593' \/><div class='watu-question-choice'><input type='radio' name='answer-101[]' id='answer-id-593' class='answer answer-7  answerof-101' value='593' \/>&nbsp;<label for='answer-id-593' id='answer-label-593' class=' answer label-7'><span class='answer'>Falskt<\/span><\/label><\/div>\n<\/div><input type='hidden' id='questionType7' value='radio' class=''><\/div><div class='watu-question' id='question-8'><div class='question-content'><p><span class='watu_num'>8. <\/span>Eftersom koldioxid kommer in i v\u00e4xten genom klyv\u00f6ppningarna g\u00e5r assimilationens hastighet l\u00e5ngsammare d\u00e5 klyv\u00f6ppningarna tillsluts.<\/p>\n<\/div><input type='hidden' name='question_id[]' value='102' \/><div class='watu-questions-wrap '><input type='hidden' name='answer_ids[]' class='watu-answer-ids' value='594' \/><div class='watu-question-choice'><input type='radio' name='answer-102[]' id='answer-id-594' class='answer answer-8  answerof-102' value='594' \/>&nbsp;<label for='answer-id-594' id='answer-label-594' class=' answer label-8'><span class='answer'>Sant<\/span><\/label><\/div>\n<input type='hidden' name='answer_ids[]' class='watu-answer-ids' value='595' \/><div class='watu-question-choice'><input type='radio' name='answer-102[]' id='answer-id-595' class='answer answer-8  answerof-102' value='595' \/>&nbsp;<label for='answer-id-595' id='answer-label-595' class=' answer label-8'><span class='answer'>Falskt<\/span><\/label><\/div>\n<\/div><input type='hidden' id='questionType8' value='radio' class=''><\/div><div class='watu-question' id='question-9'><div class='question-content'><p><span class='watu_num'>9. <\/span>En h\u00f6g vattenhalt i jorden s\u00e4nker assimilationens hastighet.<\/p>\n<\/div><input type='hidden' name='question_id[]' value='103' \/><div class='watu-questions-wrap '><input type='hidden' name='answer_ids[]' class='watu-answer-ids' value='596' \/><div class='watu-question-choice'><input type='radio' name='answer-103[]' id='answer-id-596' class='answer answer-9  answerof-103' value='596' \/>&nbsp;<label for='answer-id-596' id='answer-label-596' class=' answer label-9'><span class='answer'>Sant<\/span><\/label><\/div>\n<input type='hidden' name='answer_ids[]' class='watu-answer-ids' value='597' \/><div class='watu-question-choice'><input type='radio' name='answer-103[]' id='answer-id-597' class='answer answer-9  answerof-103' value='597' \/>&nbsp;<label for='answer-id-597' id='answer-label-597' class=' answer label-9'><span class='answer'>Falskt<\/span><\/label><\/div>\n<\/div><input type='hidden' id='questionType9' value='radio' class=''><\/div><div class='watu-question' id='question-10'><div class='question-content'><p><span class='watu_num'>10. <\/span>Vilka milj\u00f6faktorer inverkar p\u00e5 hur snabbt organiskt material p\u00e5 marken bryts ned?<\/p>\n<\/div><input type='hidden' name='question_id[]' value='104' \/><div class='watu-questions-wrap '><input type='hidden' name='answer_ids[]' class='watu-answer-ids' value='598' \/><div class='watu-question-choice'><input type='checkbox' name='answer-104[]' id='answer-id-598' class='answer answer-10  answerof-104' value='598' \/>&nbsp;<label for='answer-id-598' id='answer-label-598' class=' answer label-10'><span class='answer'>solljuset<\/span><\/label><\/div>\n<input type='hidden' name='answer_ids[]' class='watu-answer-ids' value='599' \/><div class='watu-question-choice'><input type='checkbox' name='answer-104[]' id='answer-id-599' class='answer answer-10  answerof-104' value='599' \/>&nbsp;<label for='answer-id-599' id='answer-label-599' class=' answer label-10'><span class='answer'>markens temperatur<\/span><\/label><\/div>\n<input type='hidden' name='answer_ids[]' class='watu-answer-ids' value='600' \/><div class='watu-question-choice'><input type='checkbox' name='answer-104[]' id='answer-id-600' class='answer answer-10  answerof-104' value='600' \/>&nbsp;<label for='answer-id-600' id='answer-label-600' class=' answer label-10'><span class='answer'>koldioxidhalten<\/span><\/label><\/div>\n<input type='hidden' name='answer_ids[]' class='watu-answer-ids' value='601' \/><div class='watu-question-choice'><input type='checkbox' name='answer-104[]' id='answer-id-601' class='answer answer-10  answerof-104' value='601' \/>&nbsp;<label for='answer-id-601' id='answer-label-601' class=' answer label-10'><span class='answer'>markens fuktighet<\/span><\/label><\/div>\n<\/div><input type='hidden' id='questionType10' value='checkbox' class=''><\/div><div style='display:none' id='question-11'><br \/><div class='question-content'><img loading=\"lazy\" decoding=\"async\" src=\"https:\/\/www.hiilipuu.fi\/wp-content\/plugins\/watu\/loading.gif\" width=\"16\" height=\"16\" alt=\"Loading ...\" title=\"Loading ...\" \/>&nbsp;Loading &#8230;<\/div><\/div><br \/>\n\t<p>Question <span id='numQ'>1<\/span> of 10<\/p>\n\t\t<input type=\"button\" id=\"next-question\" value=\"Next &gt;\"  \/>\n<input type=\"button\" name=\"action\" onclick=\"Watu.submitResult()\" id=\"action-button\" value=\"Slutf\u00f6r\"  class=\"watu-submit-button\" \/>\n<input type=\"hidden\" name=\"no_ajax\" value=\"0\"><input type=\"hidden\" name=\"quiz_id\" value=\"10\" \/>\n<input type=\"hidden\" id=\"watuStartTime\" name=\"start_time\" value=\"2026-04-08 13:46:48\" \/>\n<\/form>\n<\/div>\n<div id=\"watu-loading-result\" style=\"display:none;\">\n\t<p align=\"center\"><img loading=\"lazy\" decoding=\"async\" src=\"https:\/\/www.hiilipuu.fi\/wp-content\/plugins\/watu\/loading.gif\" width=\"16\" height=\"16\" alt=\"Loading\" title=\"Loading\" \/><\/p>\n<\/div>\t\n<script type=\"text\/javascript\">\nvar exam_id=0;\nvar question_ids='';\nvar watuURL='';\njQuery(function($){\nquestion_ids = \"95,96,97,98,99,100,101,102,103,104\";\nexam_id = 10;\nWatu.exam_id = exam_id;\nWatu.qArr = question_ids.split(',');\nWatu.post_id = 601;\nWatu.singlePage = '0';\nWatu.hAppID = \"0.41680600 1775656008\";\nwatuURL = \"https:\/\/www.hiilipuu.fi\/wp-admin\/admin-ajax.php\";\nWatu.noAlertUnanswered = 0;\n});\n<\/script>\n","protected":false},"excerpt":{"rendered":"","protected":false},"author":1,"featured_media":0,"parent":0,"menu_order":0,"comment_status":"closed","ping_status":"closed","template":"","meta":{"neve_meta_sidebar":"","neve_meta_container":"","neve_meta_enable_content_width":"","neve_meta_content_width":0,"neve_meta_title_alignment":"","neve_meta_author_avatar":"","neve_post_elements_order":"","neve_meta_disable_header":"","neve_meta_disable_footer":"","neve_meta_disable_title":"","footnotes":""},"class_list":["post-601","page","type-page","status-publish","hentry"],"_links":{"self":[{"href":"https:\/\/www.hiilipuu.fi\/index.php\/wp-json\/wp\/v2\/pages\/601","targetHints":{"allow":["GET"]}}],"collection":[{"href":"https:\/\/www.hiilipuu.fi\/index.php\/wp-json\/wp\/v2\/pages"}],"about":[{"href":"https:\/\/www.hiilipuu.fi\/index.php\/wp-json\/wp\/v2\/types\/page"}],"author":[{"embeddable":true,"href":"https:\/\/www.hiilipuu.fi\/index.php\/wp-json\/wp\/v2\/users\/1"}],"replies":[{"embeddable":true,"href":"https:\/\/www.hiilipuu.fi\/index.php\/wp-json\/wp\/v2\/comments?post=601"}],"version-history":[{"count":2,"href":"https:\/\/www.hiilipuu.fi\/index.php\/wp-json\/wp\/v2\/pages\/601\/revisions"}],"predecessor-version":[{"id":604,"href":"https:\/\/www.hiilipuu.fi\/index.php\/wp-json\/wp\/v2\/pages\/601\/revisions\/604"}],"wp:attachment":[{"href":"https:\/\/www.hiilipuu.fi\/index.php\/wp-json\/wp\/v2\/media?parent=601"}],"curies":[{"name":"wp","href":"https:\/\/api.w.org\/{rel}","templated":true}]}}