{"id":606,"date":"2022-09-19T06:51:20","date_gmt":"2022-09-19T06:51:20","guid":{"rendered":"https:\/\/hiilipuu-prod-22.atm.helsinki.fi\/hiilipuu\/?page_id=606"},"modified":"2022-09-19T06:51:20","modified_gmt":"2022-09-19T06:51:20","slug":"ganska-svar-fragesport","status":"publish","type":"page","link":"https:\/\/www.hiilipuu.fi\/index.php\/sv\/ganska-svar-fragesport\/","title":{"rendered":"Ganska sv\u00e5r fr\u00e5gesport"},"content":{"rendered":"\n<div id=\"watu_quiz\" class=\"quiz-area \">\n<form action=\"\" method=\"post\" class=\"quiz-form \" id=\"quiz-11\" >\n<div class='watu-question' id='question-1'><div class='question-content'><p><span class='watu_num'>1. <\/span>D\u00e5 markens fuktighet sjunker f\u00e5r det klyv\u00f6ppningarna att sluta sig, vilket g\u00f6r fotosyntesen l\u00e5ngsammare.<\/p>\n<\/div><input type='hidden' name='question_id[]' value='105' \/><div class='watu-questions-wrap '><input type='hidden' name='answer_ids[]' class='watu-answer-ids' value='626' \/><div class='watu-question-choice'><input type='radio' name='answer-105[]' id='answer-id-626' class='answer answer-1  answerof-105' value='626' \/>&nbsp;<label for='answer-id-626' id='answer-label-626' class=' answer label-1'><span class='answer'>Sant<\/span><\/label><\/div>\n<input type='hidden' name='answer_ids[]' class='watu-answer-ids' value='627' \/><div class='watu-question-choice'><input type='radio' name='answer-105[]' id='answer-id-627' class='answer answer-1  answerof-105' value='627' \/>&nbsp;<label for='answer-id-627' id='answer-label-627' class=' answer label-1'><span class='answer'>Falskt<\/span><\/label><\/div>\n<\/div><input type='hidden' id='questionType1' value='radio' class=''><\/div><div class='watu-question' id='question-2'><div class='question-content'><p><span class='watu_num'>2. <\/span>D\u00e5 luftfuktigheten \u00e4r l\u00e5g tillsluter v\u00e4xterna sina klyv\u00f6ppningar f\u00f6r att hindra avdunstning. Detta s\u00e4nker ocks\u00e5 assimilationens hastighet.<\/p>\n<\/div><input type='hidden' name='question_id[]' value='106' \/><div class='watu-questions-wrap '><input type='hidden' name='answer_ids[]' class='watu-answer-ids' value='628' \/><div class='watu-question-choice'><input type='radio' name='answer-106[]' id='answer-id-628' class='answer answer-2  answerof-106' value='628' \/>&nbsp;<label for='answer-id-628' id='answer-label-628' class=' answer label-2'><span class='answer'>Sant<\/span><\/label><\/div>\n<input type='hidden' name='answer_ids[]' class='watu-answer-ids' value='629' \/><div class='watu-question-choice'><input type='radio' name='answer-106[]' id='answer-id-629' class='answer answer-2  answerof-106' value='629' \/>&nbsp;<label for='answer-id-629' id='answer-label-629' class=' answer label-2'><span class='answer'>Falskt<\/span><\/label><\/div>\n<\/div><input type='hidden' id='questionType2' value='radio' class=''><\/div><div class='watu-question' id='question-3'><div class='question-content'><p><span class='watu_num'>3. <\/span>Vilka milj\u00f6faktorer inverkar p\u00e5 hur snabbt organiskt material p\u00e5 marken bryts ned?<\/p>\n<\/div><input type='hidden' name='question_id[]' value='107' \/><div class='watu-questions-wrap '><input type='hidden' name='answer_ids[]' class='watu-answer-ids' value='630' \/><div class='watu-question-choice'><input type='checkbox' name='answer-107[]' id='answer-id-630' class='answer answer-3  answerof-107' value='630' \/>&nbsp;<label for='answer-id-630' id='answer-label-630' class=' answer label-3'><span class='answer'>solljuset<\/span><\/label><\/div>\n<input type='hidden' name='answer_ids[]' class='watu-answer-ids' value='631' \/><div class='watu-question-choice'><input type='checkbox' name='answer-107[]' id='answer-id-631' class='answer answer-3  answerof-107' value='631' \/>&nbsp;<label for='answer-id-631' id='answer-label-631' class=' answer label-3'><span class='answer'>koldioxidhalten<\/span><\/label><\/div>\n<input type='hidden' name='answer_ids[]' class='watu-answer-ids' value='632' \/><div class='watu-question-choice'><input type='checkbox' name='answer-107[]' id='answer-id-632' class='answer answer-3  answerof-107' value='632' \/>&nbsp;<label for='answer-id-632' id='answer-label-632' class=' answer label-3'><span class='answer'>markens fuktighet<\/span><\/label><\/div>\n<input type='hidden' name='answer_ids[]' class='watu-answer-ids' value='633' \/><div class='watu-question-choice'><input type='checkbox' name='answer-107[]' id='answer-id-633' class='answer answer-3  answerof-107' value='633' \/>&nbsp;<label for='answer-id-633' id='answer-label-633' class=' answer label-3'><span class='answer'>markens temperatur<\/span><\/label><\/div>\n<\/div><input type='hidden' id='questionType3' value='checkbox' class=''><\/div><div class='watu-question' id='question-4'><div class='question-content'><p><span class='watu_num'>4. <\/span>V\u00e4xternas potentiella f\u00f6rm\u00e5ga att assimilera betyder den maximala niv\u00e5n f\u00f6r fotosyntesens hastighet. Den varierar under de olika \u00e5rstiderna och p\u00e5 den inverkar fr\u00e4mst den senaste periodens.<\/p>\n<\/div><input type='hidden' name='question_id[]' value='108' \/><div class='watu-questions-wrap '><input type='hidden' name='answer_ids[]' class='watu-answer-ids' value='634' \/><div class='watu-question-choice'><input type='radio' name='answer-108[]' id='answer-id-634' class='answer answer-4  answerof-108' value='634' \/>&nbsp;<label for='answer-id-634' id='answer-label-634' class=' answer label-4'><span class='answer'>intensitet av solljus<\/span><\/label><\/div>\n<input type='hidden' name='answer_ids[]' class='watu-answer-ids' value='635' \/><div class='watu-question-choice'><input type='radio' name='answer-108[]' id='answer-id-635' class='answer answer-4  answerof-108' value='635' \/>&nbsp;<label for='answer-id-635' id='answer-label-635' class=' answer label-4'><span class='answer'>temperaturer<\/span><\/label><\/div>\n<input type='hidden' name='answer_ids[]' class='watu-answer-ids' value='636' \/><div class='watu-question-choice'><input type='radio' name='answer-108[]' id='answer-id-636' class='answer answer-4  answerof-108' value='636' \/>&nbsp;<label for='answer-id-636' id='answer-label-636' class=' answer label-4'><span class='answer'>n\u00e4rings\u00e4mnen i jorden<\/span><\/label><\/div>\n<input type='hidden' name='answer_ids[]' class='watu-answer-ids' value='637' \/><div class='watu-question-choice'><input type='radio' name='answer-108[]' id='answer-id-637' class='answer answer-4  answerof-108' value='637' \/>&nbsp;<label for='answer-id-637' id='answer-label-637' class=' answer label-4'><span class='answer'>luftfuktighet <\/span><\/label><\/div>\n<\/div><input type='hidden' id='questionType4' value='radio' class=''><\/div><div class='watu-question' id='question-5'><div class='question-content'><p><span class='watu_num'>5. <\/span>Ljuset har en m\u00e4ttande effekt p\u00e5 fotosyntesen. Det inneb\u00e4r att under svaga ljusf\u00f6rh\u00e5llanden kommer fotosyntesen att bli n\u00e4stan line\u00e4rt snabbare d\u00e5 m\u00e4ngden ljus \u00f6kar. D\u00e5 ljusm\u00e4ngden redan \u00e4r stor kommer en ytterligare \u00f6kning att g\u00f6ra fotosyntesen endast litet snabbare.<\/p>\n<\/div><input type='hidden' name='question_id[]' value='109' \/><div class='watu-questions-wrap '><input type='hidden' name='answer_ids[]' class='watu-answer-ids' value='638' \/><div class='watu-question-choice'><input type='radio' name='answer-109[]' id='answer-id-638' class='answer answer-5  answerof-109' value='638' \/>&nbsp;<label for='answer-id-638' id='answer-label-638' class=' answer label-5'><span class='answer'>Sant <\/span><\/label><\/div>\n<input type='hidden' name='answer_ids[]' class='watu-answer-ids' value='639' \/><div class='watu-question-choice'><input type='radio' name='answer-109[]' id='answer-id-639' class='answer answer-5  answerof-109' value='639' \/>&nbsp;<label for='answer-id-639' id='answer-label-639' class=' answer label-5'><span class='answer'>Falskt<\/span><\/label><\/div>\n<\/div><input type='hidden' id='questionType5' value='radio' class=''><\/div><div class='watu-question' id='question-6'><div class='question-content'><p><span class='watu_num'>6. <\/span>Kombinationen av l\u00e5ga temperaturer och intensivt solljus tidigt p\u00e5 v\u00e5ren \u00e4r en sv\u00e5r tid f\u00f6r v\u00e4xterna.<\/p>\n<\/div><input type='hidden' name='question_id[]' value='110' \/><div class='watu-questions-wrap '><input type='hidden' name='answer_ids[]' class='watu-answer-ids' value='640' \/><div class='watu-question-choice'><input type='radio' name='answer-110[]' id='answer-id-640' class='answer answer-6  answerof-110' value='640' \/>&nbsp;<label for='answer-id-640' id='answer-label-640' class=' answer label-6'><span class='answer'>Sant<\/span><\/label><\/div>\n<input type='hidden' name='answer_ids[]' class='watu-answer-ids' value='641' \/><div class='watu-question-choice'><input type='radio' name='answer-110[]' id='answer-id-641' class='answer answer-6  answerof-110' value='641' \/>&nbsp;<label for='answer-id-641' id='answer-label-641' class=' answer label-6'><span class='answer'>Falskt<\/span><\/label><\/div>\n<\/div><input type='hidden' id='questionType6' value='radio' class=''><\/div><div class='watu-question' id='question-7'><div class='question-content'><p><span class='watu_num'>7. <\/span>L\u00e5ga v\u00e4xter, mikroberna i marken och markens funktioner i allm\u00e4nhet drar under vintern nytta av.<br \/>\nV\u00e4lj ett alternative.<\/p>\n<\/div><input type='hidden' name='question_id[]' value='111' \/><div class='watu-questions-wrap '><input type='hidden' name='answer_ids[]' class='watu-answer-ids' value='642' \/><div class='watu-question-choice'><input type='radio' name='answer-111[]' id='answer-id-642' class='answer answer-7  answerof-111' value='642' \/>&nbsp;<label for='answer-id-642' id='answer-label-642' class=' answer label-7'><span class='answer'>den ringa m\u00e4ngden solljus<\/span><\/label><\/div>\n<input type='hidden' name='answer_ids[]' class='watu-answer-ids' value='643' \/><div class='watu-question-choice'><input type='radio' name='answer-111[]' id='answer-id-643' class='answer answer-7  answerof-111' value='643' \/>&nbsp;<label for='answer-id-643' id='answer-label-643' class=' answer label-7'><span class='answer'>sn\u00f6ns isolerande inverkan<\/span><\/label><\/div>\n<input type='hidden' name='answer_ids[]' class='watu-answer-ids' value='644' \/><div class='watu-question-choice'><input type='radio' name='answer-111[]' id='answer-id-644' class='answer answer-7  answerof-111' value='644' \/>&nbsp;<label for='answer-id-644' id='answer-label-644' class=' answer label-7'><span class='answer'>tr\u00e4dens l\u00e5ngsammare aktivitet<\/span><\/label><\/div>\n<input type='hidden' name='answer_ids[]' class='watu-answer-ids' value='645' \/><div class='watu-question-choice'><input type='radio' name='answer-111[]' id='answer-id-645' class='answer answer-7  answerof-111' value='645' \/>&nbsp;<label for='answer-id-645' id='answer-label-645' class=' answer label-7'><span class='answer'>de l\u00e5ga temperaturerna<\/span><\/label><\/div>\n<\/div><input type='hidden' id='questionType7' value='radio' class=''><\/div><div class='watu-question' id='question-8'><div class='question-content'><p><span class='watu_num'>8. <\/span>V\u00e4xterna \u00f6ppnar sina klyv\u00f6ppningar f\u00f6r att hindra en f\u00f6r stor avdunstning.<\/p>\n<\/div><input type='hidden' name='question_id[]' value='112' \/><div class='watu-questions-wrap '><input type='hidden' name='answer_ids[]' class='watu-answer-ids' value='646' \/><div class='watu-question-choice'><input type='radio' name='answer-112[]' id='answer-id-646' class='answer answer-8  answerof-112' value='646' \/>&nbsp;<label for='answer-id-646' id='answer-label-646' class=' answer label-8'><span class='answer'>Sant<\/span><\/label><\/div>\n<input type='hidden' name='answer_ids[]' class='watu-answer-ids' value='647' \/><div class='watu-question-choice'><input type='radio' name='answer-112[]' id='answer-id-647' class='answer answer-8  answerof-112' value='647' \/>&nbsp;<label for='answer-id-647' id='answer-label-647' class=' answer label-8'><span class='answer'>Falskt <\/span><\/label><\/div>\n<\/div><input type='hidden' id='questionType8' value='radio' class=''><\/div><div class='watu-question' id='question-9'><div class='question-content'><p><span class='watu_num'>9. <\/span>D\u00e5 VPD \u00f6kar blir assimilationen l\u00e5ngsammare eftersom v\u00e4xten tillsluter sina klyv\u00f6ppningar.<\/p>\n<\/div><input type='hidden' name='question_id[]' value='113' \/><div class='watu-questions-wrap '><input type='hidden' name='answer_ids[]' class='watu-answer-ids' value='648' \/><div class='watu-question-choice'><input type='radio' name='answer-113[]' id='answer-id-648' class='answer answer-9  answerof-113' value='648' \/>&nbsp;<label for='answer-id-648' id='answer-label-648' class=' answer label-9'><span class='answer'>Sant<\/span><\/label><\/div>\n<input type='hidden' name='answer_ids[]' class='watu-answer-ids' value='649' \/><div class='watu-question-choice'><input type='radio' name='answer-113[]' id='answer-id-649' class='answer answer-9  answerof-113' value='649' \/>&nbsp;<label for='answer-id-649' id='answer-label-649' class=' answer label-9'><span class='answer'>Falskt<\/span><\/label><\/div>\n<\/div><input type='hidden' id='questionType9' value='radio' class=''><\/div><div style='display:none' id='question-10'><br \/><div class='question-content'><img loading=\"lazy\" decoding=\"async\" src=\"https:\/\/www.hiilipuu.fi\/wp-content\/plugins\/watu\/loading.gif\" width=\"16\" height=\"16\" alt=\"Loading ...\" title=\"Loading ...\" \/>&nbsp;Loading &#8230;<\/div><\/div><br \/>\n\t<p>Question <span id='numQ'>1<\/span> of 9<\/p>\n\t\t<input type=\"button\" id=\"next-question\" value=\"Next &gt;\"  \/>\n<input type=\"button\" name=\"action\" onclick=\"Watu.submitResult()\" id=\"action-button\" value=\"Slutf\u00f6r\"  class=\"watu-submit-button\" \/>\n<input type=\"hidden\" name=\"no_ajax\" value=\"0\"><input type=\"hidden\" name=\"quiz_id\" value=\"11\" \/>\n<input type=\"hidden\" id=\"watuStartTime\" name=\"start_time\" value=\"2026-04-30 03:19:59\" \/>\n<\/form>\n<\/div>\n<div id=\"watu-loading-result\" style=\"display:none;\">\n\t<p align=\"center\"><img loading=\"lazy\" decoding=\"async\" src=\"https:\/\/www.hiilipuu.fi\/wp-content\/plugins\/watu\/loading.gif\" width=\"16\" height=\"16\" alt=\"Loading\" title=\"Loading\" \/><\/p>\n<\/div>\t\n<script type=\"text\/javascript\">\nvar exam_id=0;\nvar question_ids='';\nvar watuURL='';\njQuery(function($){\nquestion_ids = \"105,106,107,108,109,110,111,112,113\";\nexam_id = 11;\nWatu.exam_id = exam_id;\nWatu.qArr = question_ids.split(',');\nWatu.post_id = 606;\nWatu.singlePage = '0';\nWatu.hAppID = \"0.25713400 1777519199\";\nwatuURL = \"https:\/\/www.hiilipuu.fi\/wp-admin\/admin-ajax.php\";\nWatu.noAlertUnanswered = 0;\n});\n<\/script>\n","protected":false},"excerpt":{"rendered":"","protected":false},"author":1,"featured_media":0,"parent":0,"menu_order":0,"comment_status":"closed","ping_status":"closed","template":"","meta":{"neve_meta_sidebar":"","neve_meta_container":"","neve_meta_enable_content_width":"","neve_meta_content_width":0,"neve_meta_title_alignment":"","neve_meta_author_avatar":"","neve_post_elements_order":"","neve_meta_disable_header":"","neve_meta_disable_footer":"","neve_meta_disable_title":"","footnotes":""},"class_list":["post-606","page","type-page","status-publish","hentry"],"_links":{"self":[{"href":"https:\/\/www.hiilipuu.fi\/index.php\/wp-json\/wp\/v2\/pages\/606","targetHints":{"allow":["GET"]}}],"collection":[{"href":"https:\/\/www.hiilipuu.fi\/index.php\/wp-json\/wp\/v2\/pages"}],"about":[{"href":"https:\/\/www.hiilipuu.fi\/index.php\/wp-json\/wp\/v2\/types\/page"}],"author":[{"embeddable":true,"href":"https:\/\/www.hiilipuu.fi\/index.php\/wp-json\/wp\/v2\/users\/1"}],"replies":[{"embeddable":true,"href":"https:\/\/www.hiilipuu.fi\/index.php\/wp-json\/wp\/v2\/comments?post=606"}],"version-history":[{"count":1,"href":"https:\/\/www.hiilipuu.fi\/index.php\/wp-json\/wp\/v2\/pages\/606\/revisions"}],"predecessor-version":[{"id":607,"href":"https:\/\/www.hiilipuu.fi\/index.php\/wp-json\/wp\/v2\/pages\/606\/revisions\/607"}],"wp:attachment":[{"href":"https:\/\/www.hiilipuu.fi\/index.php\/wp-json\/wp\/v2\/media?parent=606"}],"curies":[{"name":"wp","href":"https:\/\/api.w.org\/{rel}","templated":true}]}}