{"id":90,"date":"2022-06-29T07:05:36","date_gmt":"2022-06-29T07:05:36","guid":{"rendered":"https:\/\/hiilipuu-prod-22.atm.helsinki.fi\/hiilipuu\/?page_id=90"},"modified":"2022-06-30T07:35:17","modified_gmt":"2022-06-30T07:35:17","slug":"info","status":"publish","type":"page","link":"https:\/\/www.hiilipuu.fi\/index.php\/info\/","title":{"rendered":"Info"},"content":{"rendered":"\n<div class=\"wp-block-columns is-layout-flex wp-container-core-columns-is-layout-9d6595d7 wp-block-columns-is-layout-flex\">\n<div class=\"wp-block-column is-layout-flow wp-block-column-is-layout-flow\">\n<figure class=\"wp-block-image size-full\"><img loading=\"lazy\" decoding=\"async\" width=\"820\" height=\"914\" src=\"https:\/\/hiilipuu-prod-22.atm.helsinki.fi\/hiilipuu\/wp-content\/uploads\/2022\/06\/Hiilipuu_Tiedekulma_2013-1.jpg\" alt=\"\" class=\"wp-image-104\"\/><\/figure>\n<\/div>\n\n\n\n<div class=\"wp-block-column is-layout-flow wp-block-column-is-layout-flow\">\n<p>Hiilipuu perustuu <a href=\"http:\/\/hiilipuu.fi\/fi\/artikkelit\/mittausasema-smear-ii\"><strong>SMEAR II -aseman<\/strong> <\/a>mittauksiin ja <a href=\"http:\/\/hiilipuu.fi\/fi\"><strong>Hiilipuu.fi<\/strong> &#8211;<\/a>sivustolla voit seurata reaaliajassa keskim\u00e4\u00e4r\u00e4isen etel\u00e4suomalaisen m\u00e4nnyn hiilidioksidin vaihtoa. Nettisivuilla olevan animaation lis\u00e4ksi Hiilipuusta on kehitetty <strong>Interaktiivinen Hiilipuu -n\u00e4yttelyteos<\/strong> (ks. kuva vasemmalla), johon kuuluvan k\u00e4ytt\u00f6liittym\u00e4n avulla katsoja voi fyysisesti s\u00e4\u00e4dell\u00e4 puun ymp\u00e4rist\u00f6olosuhteita: sensoria voi esimerkiksi l\u00e4mmitt\u00e4\u00e4 k\u00e4dell\u00e4 tai puhaltaa ilmaa sit\u00e4 kohden hiilidioksidipitoisuuden lis\u00e4\u00e4miseksi. N\u00e4m\u00e4 muutokset ovat n\u00e4ht\u00e4viss\u00e4 v\u00e4litt\u00f6m\u00e4sti Hiilipuun hiilivuossa. N\u00e4yttelyteoksesta on kehitetty lis\u00e4ksi pienikokoisempi opetukseen suunniteltu kannettava <strong><a href=\"http:\/\/hiilipuu.fi\/fi\/mittaa-itse\">Interaktiivinen Hiilipuu -salkku<\/a>.<\/strong><\/p>\n\n\n\n<p>Hiilipuu on osa <a href=\"http:\/\/climatewhirl.fi\/\"><strong>Ilmastopy\u00f6rre<\/strong> <\/a>-sateenvarjoa, jonka tavoitteena on lis\u00e4t\u00e4 yleist\u00e4 tietoisuutta metsien ja ilmaston v\u00e4lisest\u00e4 vuorovaikutuksesta sek\u00e4 tarjota kokonaisvaltainen ja yleistajuinen k\u00e4sitys eturintaman ilmasto- ja ekosysteemitutkimuksesta. Lis\u00e4ksi Ilmastopy\u00f6rteen tavoitteena on murtaa tieteen, taiteen ja koulutuksen v\u00e4lisi\u00e4 raja-aitoja. Ilmastopy\u00f6rre on l\u00e4ht\u00f6isin Helsingin Yliopiston Hyyti\u00e4l\u00e4n mets\u00e4asemalla teht\u00e4v\u00e4st\u00e4 monitieteellisest\u00e4 tutkimuksesta sek\u00e4 tutkijoiden ja taiteilijoiden v\u00e4lisest\u00e4 tasa-arvoisesta vuoropuhelusta. Hiilipuun lis\u00e4ksi Ilmastopy\u00f6rteen alla j\u00e4rjestet\u00e4\u00e4n taiteilijaresidenssej\u00e4, ty\u00f6pajoja ja seminaareja.<\/p>\n<\/div>\n<\/div>\n\n\n\n<p><\/p>\n","protected":false},"excerpt":{"rendered":"<p>Hiilipuu perustuu SMEAR II -aseman mittauksiin ja Hiilipuu.fi &#8211;sivustolla voit seurata reaaliajassa keskim\u00e4\u00e4r\u00e4isen etel\u00e4suomalaisen m\u00e4nnyn hiilidioksidin vaihtoa. Nettisivuilla olevan animaation lis\u00e4ksi Hiilipuusta on kehitetty Interaktiivinen Hiilipuu -n\u00e4yttelyteos (ks. kuva vasemmalla), johon kuuluvan k\u00e4ytt\u00f6liittym\u00e4n avulla katsoja voi fyysisesti s\u00e4\u00e4dell\u00e4 puun ymp\u00e4rist\u00f6olosuhteita: sensoria voi esimerkiksi l\u00e4mmitt\u00e4\u00e4 k\u00e4dell\u00e4 tai puhaltaa ilmaa sit\u00e4 kohden hiilidioksidipitoisuuden lis\u00e4\u00e4miseksi. N\u00e4m\u00e4 muutokset ovat&hellip;&nbsp;<a href=\"https:\/\/www.hiilipuu.fi\/index.php\/info\/\" rel=\"bookmark\">Read More &raquo;<span class=\"screen-reader-text\">Info<\/span><\/a><\/p>\n","protected":false},"author":1,"featured_media":0,"parent":0,"menu_order":0,"comment_status":"closed","ping_status":"open","template":"","meta":{"neve_meta_sidebar":"","neve_meta_container":"","neve_meta_enable_content_width":"","neve_meta_content_width":0,"neve_meta_title_alignment":"","neve_meta_author_avatar":"","neve_post_elements_order":"","neve_meta_disable_header":"","neve_meta_disable_footer":"","neve_meta_disable_title":"","footnotes":""},"class_list":["post-90","page","type-page","status-publish","hentry"],"_links":{"self":[{"href":"https:\/\/www.hiilipuu.fi\/index.php\/wp-json\/wp\/v2\/pages\/90","targetHints":{"allow":["GET"]}}],"collection":[{"href":"https:\/\/www.hiilipuu.fi\/index.php\/wp-json\/wp\/v2\/pages"}],"about":[{"href":"https:\/\/www.hiilipuu.fi\/index.php\/wp-json\/wp\/v2\/types\/page"}],"author":[{"embeddable":true,"href":"https:\/\/www.hiilipuu.fi\/index.php\/wp-json\/wp\/v2\/users\/1"}],"replies":[{"embeddable":true,"href":"https:\/\/www.hiilipuu.fi\/index.php\/wp-json\/wp\/v2\/comments?post=90"}],"version-history":[{"count":2,"href":"https:\/\/www.hiilipuu.fi\/index.php\/wp-json\/wp\/v2\/pages\/90\/revisions"}],"predecessor-version":[{"id":105,"href":"https:\/\/www.hiilipuu.fi\/index.php\/wp-json\/wp\/v2\/pages\/90\/revisions\/105"}],"wp:attachment":[{"href":"https:\/\/www.hiilipuu.fi\/index.php\/wp-json\/wp\/v2\/media?parent=90"}],"curies":[{"name":"wp","href":"https:\/\/api.w.org\/{rel}","templated":true}]}}